{"id":36,"date":"2023-09-12T15:41:04","date_gmt":"2023-09-12T15:41:04","guid":{"rendered":"http:\/\/hypnoxymore.com\/?page_id=36"},"modified":"2023-09-12T15:48:58","modified_gmt":"2023-09-12T15:48:58","slug":"consultations","status":"publish","type":"page","link":"https:\/\/hypnoxymore.com\/index.php\/consultations\/","title":{"rendered":"consultations"},"content":{"rendered":"\n<figure class=\"wp-block-image alignwide size-large wp-duotone-unset-1\"><img loading=\"lazy\" decoding=\"async\" width=\"1024\" height=\"346\" src=\"http:\/\/hypnoxymore.com\/wp-content\/uploads\/2023\/09\/bannerbureau-1024x346.jpg\" alt=\"\" class=\"wp-image-89\" srcset=\"https:\/\/hypnoxymore.com\/wp-content\/uploads\/2023\/09\/bannerbureau-1024x346.jpg 1024w, https:\/\/hypnoxymore.com\/wp-content\/uploads\/2023\/09\/bannerbureau-300x101.jpg 300w, https:\/\/hypnoxymore.com\/wp-content\/uploads\/2023\/09\/bannerbureau-768x260.jpg 768w, https:\/\/hypnoxymore.com\/wp-content\/uploads\/2023\/09\/bannerbureau.jpg 1360w\" sizes=\"auto, (max-width: 1024px) 100vw, 1024px\" \/><\/figure>\n\n\n\n<figure class=\"wp-block-image alignwide size-large wp-duotone-unset-2\"><img loading=\"lazy\" decoding=\"async\" width=\"1024\" height=\"39\" src=\"http:\/\/hypnoxymore.com\/wp-content\/uploads\/2023\/09\/consultations-1024x39.png\" alt=\"\" class=\"wp-image-106\" srcset=\"https:\/\/hypnoxymore.com\/wp-content\/uploads\/2023\/09\/consultations-1024x39.png 1024w, https:\/\/hypnoxymore.com\/wp-content\/uploads\/2023\/09\/consultations-300x12.png 300w, https:\/\/hypnoxymore.com\/wp-content\/uploads\/2023\/09\/consultations-768x30.png 768w, https:\/\/hypnoxymore.com\/wp-content\/uploads\/2023\/09\/consultations-1536x59.png 1536w, https:\/\/hypnoxymore.com\/wp-content\/uploads\/2023\/09\/consultations.png 1977w\" sizes=\"auto, (max-width: 1024px) 100vw, 1024px\" \/><\/figure>\n\n\n\n<p>en pratique, apr\u00e8s un premier contact t\u00e9l\u00e9phonique, je vous fais parvenir un questionnaire que vous me retournez d\u00fbment compl\u00e9t\u00e9, vos r\u00e9ponses me donnent un premier aper\u00e7u de ce qui vous am\u00e8ne, de votre motivation. Ces questions ne sont pas pos\u00e9es de mani\u00e8re anodine et vont souvent vous permettre de d\u00e9j\u00e0 prendre une position diff\u00e9rente vis \u00e0 vis de votre demande, de votre probl\u00e8me. Ensuite, une premi\u00e8re entrevue vous permet de faire connaissance avec la \u201ctranse hypnotique\u201d, cette appellation mal choisie d\u00e9crit bien mal cet \u00e9tat de profonde relaxation et de concentration calme&nbsp; induit par l\u2019hypnose. Dans la majeure partie des cas, rendez-vous est pris pour les trois semaine suivantes pour compl\u00e9ter et affiner vos progr\u00e8s.<\/p>\n\n\n\n<p>Je l\u2019ai dit ailleurs, il n\u2019existe pas de baguette magique, m\u00eame si les r\u00e9sultats de l\u2019hypnoth\u00e9rapie et des th\u00e9rapies cognitivo comportementales (TCC) sont scientifiquement prouv\u00e9s, votre attitude positive et proactive sera essentielle \u00e0 vos progr\u00e8s.&nbsp;L\u2019efficacit\u00e9 de l\u2019hypnoth\u00e9rapie en g\u00e9n\u00e9ral et des TCC en particulier r\u00e9sulte d\u2019un processus collaboratif, vous serez impliqu\u00e9 dans la r\u00e9solution de votre probl\u00e8me particulier, ne vous \u00e9tonnez donc pas si vous repartez avec quelques travaux pratiques \u00e0 faire chez vous pour la s\u00e9ance suivante. Le r\u00e9sultat de votre traitement en d\u00e9pend fortement.<\/p>\n\n\n\n<p>Le cabinet se trouve au <strong>89 rue Ferdinand Lenoir \u00e0 1090 Jette<\/strong><\/p>\n\n\n\n<p>transports en commun :<\/p>\n\n\n\n<p><strong><em>tram <\/em><\/strong>:<br><\/p>\n\n\n\n<ul class=\"wp-block-list\">\n<li>ligne 51 arr\u00eat Woeste<\/li>\n\n\n\n<li>ligne19 arr\u00eat Lenoir<\/li>\n\n\n\n<li>lignes 62 et 93 arr\u00eat cimeti\u00e8re de Jette<\/li>\n<\/ul>\n\n\n\n<p><em><strong>bus :<\/strong><\/em><\/p>\n\n\n\n<ul class=\"wp-block-list\">\n<li>ligne 49 ou 88 arr\u00eat Woeste<\/li>\n\n\n\n<li>ligne 53 arr\u00eat cimeti\u00e8re de Jette<\/li>\n<\/ul>\n\n\n\n<p><em><strong>m\u00e9tro :<\/strong><\/em><\/p>\n\n\n\n<ul class=\"wp-block-list\">\n<li>station Belgica (ligne 6) + correspondance tram 51<\/li>\n<\/ul>\n\n\n\n<hr class=\"wp-block-separator has-alpha-channel-opacity is-style-wide\" style=\"margin-top:var(--wp--preset--spacing--70);margin-bottom:var(--wp--preset--spacing--70)\"\/>\n","protected":false},"excerpt":{"rendered":"<p>en pratique, apr\u00e8s un premier contact t\u00e9l\u00e9phonique, je vous fais parvenir un questionnaire que vous me retournez d\u00fbment compl\u00e9t\u00e9, vos r\u00e9ponses me donnent un premier aper\u00e7u de ce qui vous am\u00e8ne, de votre motivation. Ces questions ne sont pas pos\u00e9es de mani\u00e8re anodine et vont souvent vous permettre de d\u00e9j\u00e0 prendre une position diff\u00e9rente vis [&hellip;]<\/p>\n","protected":false},"author":1,"featured_media":0,"parent":0,"menu_order":0,"comment_status":"closed","ping_status":"closed","template":"","meta":{"om_disable_all_campaigns":false,"_monsterinsights_skip_tracking":false,"_monsterinsights_sitenote_active":false,"_monsterinsights_sitenote_note":"","_monsterinsights_sitenote_category":0,"footnotes":""},"class_list":["post-36","page","type-page","status-publish","hentry"],"aioseo_notices":[],"_links":{"self":[{"href":"https:\/\/hypnoxymore.com\/index.php\/wp-json\/wp\/v2\/pages\/36","targetHints":{"allow":["GET"]}}],"collection":[{"href":"https:\/\/hypnoxymore.com\/index.php\/wp-json\/wp\/v2\/pages"}],"about":[{"href":"https:\/\/hypnoxymore.com\/index.php\/wp-json\/wp\/v2\/types\/page"}],"author":[{"embeddable":true,"href":"https:\/\/hypnoxymore.com\/index.php\/wp-json\/wp\/v2\/users\/1"}],"replies":[{"embeddable":true,"href":"https:\/\/hypnoxymore.com\/index.php\/wp-json\/wp\/v2\/comments?post=36"}],"version-history":[{"count":4,"href":"https:\/\/hypnoxymore.com\/index.php\/wp-json\/wp\/v2\/pages\/36\/revisions"}],"predecessor-version":[{"id":111,"href":"https:\/\/hypnoxymore.com\/index.php\/wp-json\/wp\/v2\/pages\/36\/revisions\/111"}],"wp:attachment":[{"href":"https:\/\/hypnoxymore.com\/index.php\/wp-json\/wp\/v2\/media?parent=36"}],"curies":[{"name":"wp","href":"https:\/\/api.w.org\/{rel}","templated":true}]}}