{"id":26,"date":"2023-09-12T10:03:36","date_gmt":"2023-09-12T10:03:36","guid":{"rendered":"http:\/\/hypnoxymore.com\/?page_id=26"},"modified":"2023-09-12T15:35:45","modified_gmt":"2023-09-12T15:35:45","slug":"lhypnose","status":"publish","type":"page","link":"https:\/\/hypnoxymore.com\/","title":{"rendered":"hypnoxymore"},"content":{"rendered":"\n<figure class=\"wp-block-image aligncenter size-large wp-duotone-unset-1\"><img loading=\"lazy\" decoding=\"async\" width=\"1024\" height=\"346\" src=\"http:\/\/hypnoxymore.com\/wp-content\/uploads\/2023\/09\/bannerbureau-1024x346.jpg\" alt=\"\" class=\"wp-image-89\" srcset=\"https:\/\/hypnoxymore.com\/wp-content\/uploads\/2023\/09\/bannerbureau-1024x346.jpg 1024w, https:\/\/hypnoxymore.com\/wp-content\/uploads\/2023\/09\/bannerbureau-300x101.jpg 300w, https:\/\/hypnoxymore.com\/wp-content\/uploads\/2023\/09\/bannerbureau-768x260.jpg 768w, https:\/\/hypnoxymore.com\/wp-content\/uploads\/2023\/09\/bannerbureau.jpg 1360w\" sizes=\"auto, (max-width: 1024px) 100vw, 1024px\" \/><\/figure>\n\n\n\n<figure class=\"wp-block-image alignwide size-large wp-duotone-unset-2\"><img loading=\"lazy\" decoding=\"async\" width=\"1024\" height=\"42\" src=\"http:\/\/hypnoxymore.com\/wp-content\/uploads\/2023\/09\/whatishypnosis-1024x42.png\" alt=\"\" class=\"wp-image-90\" srcset=\"https:\/\/hypnoxymore.com\/wp-content\/uploads\/2023\/09\/whatishypnosis-1024x42.png 1024w, https:\/\/hypnoxymore.com\/wp-content\/uploads\/2023\/09\/whatishypnosis-300x12.png 300w, https:\/\/hypnoxymore.com\/wp-content\/uploads\/2023\/09\/whatishypnosis-768x31.png 768w, https:\/\/hypnoxymore.com\/wp-content\/uploads\/2023\/09\/whatishypnosis-1536x63.png 1536w, https:\/\/hypnoxymore.com\/wp-content\/uploads\/2023\/09\/whatishypnosis.png 1965w\" sizes=\"auto, (max-width: 1024px) 100vw, 1024px\" \/><\/figure>\n\n\n\n<p class=\"has-text-align-left\">La mani\u00e8re traditionnelle de pr\u00e9senter l\u2019hypnose est de dire qu\u2019il s\u2019agit d\u2019un \u201c\u00e9tat modifi\u00e9 de conscience\u201d, cette vision sous-entend l\u2019id\u00e9e que l\u2019hypnose est un \u00e9tat particulier ce que rien de scientifique ne peut \u00e9tayer. \u201cL\u2019\u00e9tat hypnotique\u201d, mais c\u2019est d\u00e9j\u00e0 une erreur d\u2019en parler ainsi, peut \u00eatre compar\u00e9 \u00e0 une concentration extr\u00eame focalis\u00e9e sur une id\u00e9e, un \u00e9tat d\u2019absorption o\u00f9 le sujet se sent d\u00e9connect\u00e9 de la r\u00e9alit\u00e9. C\u2019est en fait ce que vous vivez lorsque vous \u00eates absorb\u00e9 dans une lecture passionnante, lorsqu\u2019un film a r\u00e9ussi \u00e0 capter votre attention et vos sens, lorsque vous acceptez de suspendre votre jugement critique et que vous vous laissez emporter par votre imagination.<\/p>\n\n\n\n<figure class=\"wp-block-image alignwide size-large wp-duotone-unset-3\"><img loading=\"lazy\" decoding=\"async\" width=\"1024\" height=\"40\" src=\"http:\/\/hypnoxymore.com\/wp-content\/uploads\/2023\/09\/whatishypnotherapy-1024x40.png\" alt=\"\" class=\"wp-image-91\" srcset=\"https:\/\/hypnoxymore.com\/wp-content\/uploads\/2023\/09\/whatishypnotherapy-1024x40.png 1024w, https:\/\/hypnoxymore.com\/wp-content\/uploads\/2023\/09\/whatishypnotherapy-300x12.png 300w, https:\/\/hypnoxymore.com\/wp-content\/uploads\/2023\/09\/whatishypnotherapy-768x30.png 768w, https:\/\/hypnoxymore.com\/wp-content\/uploads\/2023\/09\/whatishypnotherapy-1536x59.png 1536w, https:\/\/hypnoxymore.com\/wp-content\/uploads\/2023\/09\/whatishypnotherapy.png 1964w\" sizes=\"auto, (max-width: 1024px) 100vw, 1024px\" \/><\/figure>\n\n\n\n<p class=\"has-text-align-left\">chez hypnoxymore, la d\u00e9finition de l\u2019hypnoth\u00e9rapie est tr\u00e8s simple :<\/p>\n\n\n\n<p><strong>\u201cl\u2019utilisation de l\u2019imagination \u00e0 des fins positives\u201d<\/strong><\/p>\n\n\n\n<p>c\u2019est simple et en m\u00eame temps r\u00e9volutionnaire car si on sait depuis longtemps que des pens\u00e9es n\u00e9gatives, des ruminations incessantes peuvent provoquer des maladies psycho-somatiques, on imagine moins souvent les effets b\u00e9n\u00e9fiques de l\u2019imagination positive. Si cela vous semble trop simple, examinez une seconde le genre de pens\u00e9es qui traversent votre esprit \u00e0 longueur de journ\u00e9e et demandez-vous si dans leur formulation et leur contenu elles contribuent \u00e0 un meilleur quotidien.<\/p>\n\n\n\n<figure class=\"wp-block-image alignwide size-large wp-duotone-unset-4\"><img loading=\"lazy\" decoding=\"async\" width=\"1024\" height=\"42\" src=\"http:\/\/hypnoxymore.com\/wp-content\/uploads\/2023\/09\/isitdangerous-1024x42.png\" alt=\"\" class=\"wp-image-92\" style=\"object-fit:cover\" srcset=\"https:\/\/hypnoxymore.com\/wp-content\/uploads\/2023\/09\/isitdangerous-1024x42.png 1024w, https:\/\/hypnoxymore.com\/wp-content\/uploads\/2023\/09\/isitdangerous-300x12.png 300w, https:\/\/hypnoxymore.com\/wp-content\/uploads\/2023\/09\/isitdangerous-768x32.png 768w, https:\/\/hypnoxymore.com\/wp-content\/uploads\/2023\/09\/isitdangerous-1536x63.png 1536w, https:\/\/hypnoxymore.com\/wp-content\/uploads\/2023\/09\/isitdangerous.png 1968w\" sizes=\"auto, (max-width: 1024px) 100vw, 1024px\" \/><\/figure>\n\n\n\n<p>d\u00e8s que le mot \u201chypnose\u201d est prononc\u00e9, il faut s\u2019attendre \u00e0 une ribambelle de clich\u00e9s et d\u2019id\u00e9es pr\u00e9con\u00e7ues, parmi celles-ci en voici quelques unes \u00e0 d\u00e9mentir tout de suite.<\/p>\n\n\n\n<ul class=\"wp-block-list\">\n<li>il est impossible de vous faire faire des choses que vous ne feriez pas dans votre \u00e9tat de conscience normal. sur une sc\u00e8ne de spectacle, les participants sont soigneusement choisis pour leur capacit\u00e9 \u00e0 jouer le jeu et rien d\u2019impossible ne leur est demand\u00e9 ni rien qui serait en opposition avec leurs valeurs morales.<\/li>\n\n\n\n<li>l\u2019hypnose n\u2019est pas du sommeil. Vous ne dormez pas, vous restez enti\u00e8rement conscient de votre corps et de votre environnement. Si en s\u00e9ance on utilise un \u00e9tat de relaxation c\u2019est parce que c\u2019est un moyen facile agr\u00e9able et efficace d\u2019atteindre l\u2019hypnose. On peut \u00eatre dans le m\u00eame genre d\u2019\u00e9tat sans avoir besoin de relaxation ou m\u00eame de silence.<\/li>\n\n\n\n<li>personne n\u2019est jamais \u201crest\u00e9 bloqu\u00e9\u201d dans un \u00e9tat hypnotique, personne.<\/li>\n<\/ul>\n\n\n\n<figure class=\"wp-block-image alignwide size-large wp-duotone-unset-5\"><img loading=\"lazy\" decoding=\"async\" width=\"1024\" height=\"42\" src=\"http:\/\/hypnoxymore.com\/wp-content\/uploads\/2023\/09\/whatarethegoals-1024x42.png\" alt=\"\" class=\"wp-image-93\" srcset=\"https:\/\/hypnoxymore.com\/wp-content\/uploads\/2023\/09\/whatarethegoals-1024x42.png 1024w, https:\/\/hypnoxymore.com\/wp-content\/uploads\/2023\/09\/whatarethegoals-300x12.png 300w, https:\/\/hypnoxymore.com\/wp-content\/uploads\/2023\/09\/whatarethegoals-768x32.png 768w, https:\/\/hypnoxymore.com\/wp-content\/uploads\/2023\/09\/whatarethegoals-1536x63.png 1536w, https:\/\/hypnoxymore.com\/wp-content\/uploads\/2023\/09\/whatarethegoals.png 1967w\" sizes=\"auto, (max-width: 1024px) 100vw, 1024px\" \/><\/figure>\n\n\n\n<ul class=\"wp-block-list\">\n<li>vous faire comprendre que l\u2019hypnose est un ph\u00e9nom\u00e8ne dont vous avez d\u00e9j\u00e0 fait l\u2019exp\u00e9rience<\/li>\n\n\n\n<li>vous donner les outils pour continuer \u00e0 appliquer par vous m\u00eame les m\u00e9thodes apprises<\/li>\n\n\n\n<li>d\u00e9couvrir et contester les id\u00e9es re\u00e7ues, les croyances ancr\u00e9es qui vous emp\u00eachent d\u2019\u00e9voluer<\/li>\n<\/ul>\n\n\n\n<figure class=\"wp-block-image alignwide size-large wp-duotone-unset-6\"><img loading=\"lazy\" decoding=\"async\" width=\"1024\" height=\"40\" src=\"http:\/\/hypnoxymore.com\/wp-content\/uploads\/2023\/09\/howmuch-1024x40.png\" alt=\"\" class=\"wp-image-94\" srcset=\"https:\/\/hypnoxymore.com\/wp-content\/uploads\/2023\/09\/howmuch-1024x40.png 1024w, https:\/\/hypnoxymore.com\/wp-content\/uploads\/2023\/09\/howmuch-300x12.png 300w, https:\/\/hypnoxymore.com\/wp-content\/uploads\/2023\/09\/howmuch-768x30.png 768w, https:\/\/hypnoxymore.com\/wp-content\/uploads\/2023\/09\/howmuch-1536x60.png 1536w, https:\/\/hypnoxymore.com\/wp-content\/uploads\/2023\/09\/howmuch.png 1965w\" sizes=\"auto, (max-width: 1024px) 100vw, 1024px\" \/><\/figure>\n\n\n\n<p>parce que vous en avez assez des psychoth\u00e9rapies \u201c\u00e0 dur\u00e9e ind\u00e9termin\u00e9e\u201d, nous avons d\u00e9cid\u00e9 une fois pour toutes de travailler sur un format de quatre s\u00e9ances. Ceci vous permet de savoir \u00e0 quoi vous attendre en terme d\u2019investissement tant financier que personnel, de nos jours votre temps est pr\u00e9cieux. De plus, le mod\u00e8le classique actuel de th\u00e9rapie sans dur\u00e9e fixe ou d\u00e9termin\u00e9e a montr\u00e9 ses limites, beaucoup de patients tournent en rond de th\u00e9rapeutes en th\u00e9rapeutes sans pour cela avoir l\u2019impression de voir la fin du tunnel. Nous sommes confiants que l\u2019hypnoth\u00e9rapie va pouvoir vous aider rapidement et de mani\u00e8re durable. Dans cette optique, l\u2019hypnoth\u00e9rapie, m\u00eame si elle n\u2019est pas rembours\u00e9e, reste une th\u00e9rapie bon march\u00e9.<\/p>\n\n\n\n<p>La premi\u00e8re s\u00e9ance d\u2019environ une heure et demie et co\u00fbte 80\u20ac. Ce premier contact permettra d\u2019\u00e9tablir avec pr\u00e9cision le probl\u00e8me qui vous am\u00e8ne, de dissiper d\u2019\u00e9ventuels malentendus et craintes par rapport \u00e0 l\u2019hypnoth\u00e9rapie et de tester \u00e0 quoi cela ressemble vraiment pour vous.<\/p>\n\n\n\n<p>Les trois s\u00e9ances suivantes, d\u2019environ une heure, vous reviendront chacune \u00e0 60\u20ac<\/p>\n\n\n\n<hr class=\"wp-block-separator has-alpha-channel-opacity is-style-wide\" style=\"margin-top:var(--wp--preset--spacing--70);margin-bottom:var(--wp--preset--spacing--70)\"\/>\n","protected":false},"excerpt":{"rendered":"<p>La mani\u00e8re traditionnelle de pr\u00e9senter l\u2019hypnose est de dire qu\u2019il s\u2019agit d\u2019un \u201c\u00e9tat modifi\u00e9 de conscience\u201d, cette vision sous-entend l\u2019id\u00e9e que l\u2019hypnose est un \u00e9tat particulier ce que rien de scientifique ne peut \u00e9tayer. \u201cL\u2019\u00e9tat hypnotique\u201d, mais c\u2019est d\u00e9j\u00e0 une erreur d\u2019en parler ainsi, peut \u00eatre compar\u00e9 \u00e0 une concentration extr\u00eame focalis\u00e9e sur une id\u00e9e, [&hellip;]<\/p>\n","protected":false},"author":1,"featured_media":0,"parent":0,"menu_order":0,"comment_status":"closed","ping_status":"closed","template":"","meta":{"om_disable_all_campaigns":false,"_monsterinsights_skip_tracking":false,"_monsterinsights_sitenote_active":false,"_monsterinsights_sitenote_note":"","_monsterinsights_sitenote_category":0,"footnotes":""},"class_list":["post-26","page","type-page","status-publish","hentry"],"aioseo_notices":[],"_links":{"self":[{"href":"https:\/\/hypnoxymore.com\/index.php\/wp-json\/wp\/v2\/pages\/26","targetHints":{"allow":["GET"]}}],"collection":[{"href":"https:\/\/hypnoxymore.com\/index.php\/wp-json\/wp\/v2\/pages"}],"about":[{"href":"https:\/\/hypnoxymore.com\/index.php\/wp-json\/wp\/v2\/types\/page"}],"author":[{"embeddable":true,"href":"https:\/\/hypnoxymore.com\/index.php\/wp-json\/wp\/v2\/users\/1"}],"replies":[{"embeddable":true,"href":"https:\/\/hypnoxymore.com\/index.php\/wp-json\/wp\/v2\/comments?post=26"}],"version-history":[{"count":8,"href":"https:\/\/hypnoxymore.com\/index.php\/wp-json\/wp\/v2\/pages\/26\/revisions"}],"predecessor-version":[{"id":102,"href":"https:\/\/hypnoxymore.com\/index.php\/wp-json\/wp\/v2\/pages\/26\/revisions\/102"}],"wp:attachment":[{"href":"https:\/\/hypnoxymore.com\/index.php\/wp-json\/wp\/v2\/media?parent=26"}],"curies":[{"name":"wp","href":"https:\/\/api.w.org\/{rel}","templated":true}]}}